{"id":750,"date":"2022-10-26T17:16:25","date_gmt":"2022-10-26T15:16:25","guid":{"rendered":"http:\/\/www.ftz.fr\/wordpress\/?page_id=750"},"modified":"2026-04-09T15:40:35","modified_gmt":"2026-04-09T13:40:35","slug":"services","status":"publish","type":"page","link":"https:\/\/www.ftz.fr\/ja\/services\/","title":{"rendered":"\u30b5\u30fc\u30d3\u30b9"},"content":{"rendered":"\t\t<div data-elementor-type=\"wp-page\" data-elementor-id=\"750\" class=\"elementor elementor-750\">\n\t\t\t\t\t\t<section class=\"elementor-section elementor-top-section elementor-element elementor-element-c7caabd elementor-section-stretched elementor-section-height-min-height elementor-section-boxed elementor-section-height-default elementor-section-items-middle wpr-particle-no wpr-jarallax-no wpr-parallax-no wpr-sticky-section-no wpr-equal-height-no\" data-id=\"c7caabd\" data-element_type=\"section\" data-e-type=\"section\" data-settings=\"{&quot;background_background&quot;:&quot;classic&quot;,&quot;stretch_section&quot;:&quot;section-stretched&quot;,&quot;shape_divider_bottom&quot;:&quot;opacity-tilt&quot;}\">\n\t\t\t\t\t\t\t<div class=\"elementor-background-overlay\"><\/div>\n\t\t\t\t\t\t<div class=\"elementor-shape elementor-shape-bottom\" aria-hidden=\"true\" data-negative=\"false\">\n\t\t\t<svg xmlns=\"http:\/\/www.w3.org\/2000\/svg\" viewBox=\"0 0 2600 131.1\" preserveAspectRatio=\"none\">\n\t<path class=\"elementor-shape-fill\" d=\"M0 0L2600 0 2600 69.1 0 0z\"\/>\n\t<path class=\"elementor-shape-fill\" style=\"opacity:0.5\" d=\"M0 0L2600 0 2600 69.1 0 69.1z\"\/>\n\t<path class=\"elementor-shape-fill\" style=\"opacity:0.25\" d=\"M2600 0L0 0 0 130.1 2600 69.1z\"\/>\n<\/svg>\t\t<\/div>\n\t\t\t\t\t<div class=\"elementor-container elementor-column-gap-default\">\n\t\t\t\t\t<div class=\"elementor-column elementor-col-100 elementor-top-column elementor-element elementor-element-238b0b2\" data-id=\"238b0b2\" data-element_type=\"column\" data-e-type=\"column\">\n\t\t\t<div class=\"elementor-widget-wrap elementor-element-populated\">\n\t\t\t\t\t\t<div class=\"elementor-element elementor-element-0f6835d elementor-widget elementor-widget-heading\" data-id=\"0f6835d\" data-element_type=\"widget\" data-e-type=\"widget\" data-widget_type=\"heading.default\">\n\t\t\t\t<div class=\"elementor-widget-container\">\n\t\t\t\t\t<h2 class=\"elementor-heading-title elementor-size-default\">\u30b5\u30fc\u30d3\u30b9<\/h2>\t\t\t\t<\/div>\n\t\t\t\t<\/div>\n\t\t\t\t\t<\/div>\n\t\t<\/div>\n\t\t\t\t\t<\/div>\n\t\t<\/section>\n\t\t\t\t<section class=\"elementor-section elementor-top-section elementor-element elementor-element-6911d21 elementor-section-boxed elementor-section-height-default elementor-section-height-default wpr-particle-no wpr-jarallax-no wpr-parallax-no wpr-sticky-section-no wpr-equal-height-no\" data-id=\"6911d21\" data-element_type=\"section\" data-e-type=\"section\">\n\t\t\t\t\t\t<div class=\"elementor-container elementor-column-gap-default\">\n\t\t\t\t\t<div class=\"elementor-column elementor-col-50 elementor-top-column elementor-element elementor-element-b3e2ee1 elementor-invisible\" data-id=\"b3e2ee1\" data-element_type=\"column\" data-e-type=\"column\" data-settings=\"{&quot;animation&quot;:&quot;fadeInLeft&quot;}\">\n\t\t\t<div class=\"elementor-widget-wrap elementor-element-populated\">\n\t\t\t\t\t\t<div class=\"elementor-element elementor-element-5ce4bce elementor-widget elementor-widget-text-editor\" data-id=\"5ce4bce\" data-element_type=\"widget\" data-e-type=\"widget\" data-widget_type=\"text-editor.default\">\n\t\t\t\t<div class=\"elementor-widget-container\">\n\t\t\t\t\t\t\t\t\t<p style=\"text-align: center;\"><span style=\"color: #06142f;\"><strong>On-site Training<\/strong><\/span><br \/><strong><span style=\"color: #00406c;\">or In-house<\/span><\/strong><\/p>\t\t\t\t\t\t\t\t<\/div>\n\t\t\t\t<\/div>\n\t\t\t\t<div class=\"elementor-element elementor-element-b2e085f elementor-widget elementor-widget-text-editor\" data-id=\"b2e085f\" data-element_type=\"widget\" data-e-type=\"widget\" data-widget_type=\"text-editor.default\">\n\t\t\t\t<div class=\"elementor-widget-container\">\n\t\t\t\t\t\t\t\t\t<ul><li><em><a href=\"https:\/\/www.ftz.fr\/v4\/en\/services\/software-training\">Training<\/a> based on pre-defined sessions or customized to fit the client&#8217;s profession<\/em><\/li><li><em>Different levels of training: user, expert, administrator<\/em><\/li><\/ul>\t\t\t\t\t\t\t\t<\/div>\n\t\t\t\t<\/div>\n\t\t\t\t\t<\/div>\n\t\t<\/div>\n\t\t\t\t<div class=\"elementor-column elementor-col-50 elementor-top-column elementor-element elementor-element-9c327dd elementor-invisible\" data-id=\"9c327dd\" data-element_type=\"column\" data-e-type=\"column\" data-settings=\"{&quot;animation&quot;:&quot;fadeInRight&quot;}\">\n\t\t\t<div class=\"elementor-widget-wrap elementor-element-populated\">\n\t\t\t\t\t\t<div class=\"elementor-element elementor-element-c161213 elementor-widget elementor-widget-text-editor\" data-id=\"c161213\" data-element_type=\"widget\" data-e-type=\"widget\" data-widget_type=\"text-editor.default\">\n\t\t\t\t<div class=\"elementor-widget-container\">\n\t\t\t\t\t\t\t\t\t<p style=\"text-align: center;\"><span style=\"color: #06142f;\"><strong>Startup Assistance,<\/strong><\/span><br \/><strong><span style=\"color: #00406c;\">Phone Support<\/span><\/strong><\/p>\t\t\t\t\t\t\t\t<\/div>\n\t\t\t\t<\/div>\n\t\t\t\t<div class=\"elementor-element elementor-element-73b13b8 elementor-widget elementor-widget-text-editor\" data-id=\"73b13b8\" data-element_type=\"widget\" data-e-type=\"widget\" data-widget_type=\"text-editor.default\">\n\t\t\t\t<div class=\"elementor-widget-container\">\n\t\t\t\t\t\t\t\t\t<ul><li><em>Specific Configurations, Specialized Questions<\/em><\/li><li><em>Highly skilled and responsive Hotline, available during office hours<\/em><\/li><\/ul>\t\t\t\t\t\t\t\t<\/div>\n\t\t\t\t<\/div>\n\t\t\t\t\t<\/div>\n\t\t<\/div>\n\t\t\t\t\t<\/div>\n\t\t<\/section>\n\t\t\t\t<section class=\"elementor-section elementor-top-section elementor-element elementor-element-b30c77f elementor-section-boxed elementor-section-height-default elementor-section-height-default wpr-particle-no wpr-jarallax-no wpr-parallax-no wpr-sticky-section-no wpr-equal-height-no\" data-id=\"b30c77f\" data-element_type=\"section\" data-e-type=\"section\">\n\t\t\t\t\t\t<div class=\"elementor-container elementor-column-gap-default\">\n\t\t\t\t\t<div class=\"elementor-column elementor-col-50 elementor-top-column elementor-element elementor-element-99581dd elementor-invisible\" data-id=\"99581dd\" data-element_type=\"column\" data-e-type=\"column\" data-settings=\"{&quot;animation&quot;:&quot;fadeInLeft&quot;}\">\n\t\t\t<div class=\"elementor-widget-wrap elementor-element-populated\">\n\t\t\t\t\t\t<div class=\"elementor-element elementor-element-1005fa0 elementor-widget elementor-widget-text-editor\" data-id=\"1005fa0\" data-element_type=\"widget\" data-e-type=\"widget\" data-widget_type=\"text-editor.default\">\n\t\t\t\t<div class=\"elementor-widget-container\">\n\t\t\t\t\t\t\t\t\t<p style=\"text-align: center;\"><span style=\"color: #06142f;\"><strong>Expertise, Advice, and Methodology,<\/strong><\/span><br \/><strong><span style=\"color: #00406c;\">Result Optimization<\/span><\/strong><\/p>\t\t\t\t\t\t\t\t<\/div>\n\t\t\t\t<\/div>\n\t\t\t\t<div class=\"elementor-element elementor-element-7bd8d47 elementor-widget elementor-widget-text-editor\" data-id=\"7bd8d47\" data-element_type=\"widget\" data-e-type=\"widget\" data-widget_type=\"text-editor.default\">\n\t\t\t\t<div class=\"elementor-widget-container\">\n\t\t\t\t\t\t\t\t\t<ul><li><em>Expert Opinions on Specific Issues<\/em><\/li><li><em>Proposal of Optimization Methods<\/em><\/li><\/ul>\t\t\t\t\t\t\t\t<\/div>\n\t\t\t\t<\/div>\n\t\t\t\t\t<\/div>\n\t\t<\/div>\n\t\t\t\t<div class=\"elementor-column elementor-col-50 elementor-top-column elementor-element elementor-element-9b850bf elementor-invisible\" data-id=\"9b850bf\" data-element_type=\"column\" data-e-type=\"column\" data-settings=\"{&quot;animation&quot;:&quot;fadeInRight&quot;}\">\n\t\t\t<div class=\"elementor-widget-wrap elementor-element-populated\">\n\t\t\t\t\t\t<div class=\"elementor-element elementor-element-4a4fa43 elementor-widget elementor-widget-text-editor\" data-id=\"4a4fa43\" data-element_type=\"widget\" data-e-type=\"widget\" data-widget_type=\"text-editor.default\">\n\t\t\t\t<div class=\"elementor-widget-container\">\n\t\t\t\t\t\t\t\t\t<p style=\"text-align: center;\"><span style=\"color: #06142f;\"><strong>Study Services, Plan Recovery,<\/strong><\/span><br \/><strong><span style=\"color: #00406c;\">Data Transfers, Personnel Delegation<\/span><\/strong><\/p>\t\t\t\t\t\t\t\t<\/div>\n\t\t\t\t<\/div>\n\t\t\t\t<div class=\"elementor-element elementor-element-9968a0c elementor-widget elementor-widget-text-editor\" data-id=\"9968a0c\" data-element_type=\"widget\" data-e-type=\"widget\" data-widget_type=\"text-editor.default\">\n\t\t\t\t<div class=\"elementor-widget-container\">\n\t\t\t\t\t\t\t\t\t<ul><li><em>Services on a Time and Material basis or Fixed Price basis<\/em><\/li><li><em>Full-time, Part-time, or Freelance work<\/em><\/li><\/ul>\t\t\t\t\t\t\t\t<\/div>\n\t\t\t\t<\/div>\n\t\t\t\t\t<\/div>\n\t\t<\/div>\n\t\t\t\t\t<\/div>\n\t\t<\/section>\n\t\t\t\t<section class=\"elementor-section elementor-top-section elementor-element elementor-element-80d46ae elementor-section-boxed elementor-section-height-default elementor-section-height-default wpr-particle-no wpr-jarallax-no wpr-parallax-no wpr-sticky-section-no wpr-equal-height-no\" data-id=\"80d46ae\" data-element_type=\"section\" data-e-type=\"section\" data-settings=\"{&quot;animation&quot;:&quot;none&quot;}\">\n\t\t\t\t\t\t<div class=\"elementor-container elementor-column-gap-default\">\n\t\t\t\t\t<div class=\"elementor-column elementor-col-100 elementor-top-column elementor-element elementor-element-4f704a1 elementor-invisible\" data-id=\"4f704a1\" data-element_type=\"column\" data-e-type=\"column\" data-settings=\"{&quot;animation&quot;:&quot;fadeInUp&quot;}\">\n\t\t\t<div class=\"elementor-widget-wrap elementor-element-populated\">\n\t\t\t\t\t\t<div class=\"elementor-element elementor-element-73c448a elementor-widget elementor-widget-text-editor\" data-id=\"73c448a\" data-element_type=\"widget\" data-e-type=\"widget\" data-widget_type=\"text-editor.default\">\n\t\t\t\t<div class=\"elementor-widget-container\">\n\t\t\t\t\t\t\t\t\t<p style=\"text-align: center;\"><span style=\"color: #06142f;\"><strong>Custom Developments based on Specifications,<\/strong><\/span><br \/><strong><span style=\"color: #00406c;\">Integration with Other Software<\/span><\/strong><\/p>\t\t\t\t\t\t\t\t<\/div>\n\t\t\t\t<\/div>\n\t\t\t\t<div class=\"elementor-element elementor-element-8d6a908 elementor-widget elementor-widget-text-editor\" data-id=\"8d6a908\" data-element_type=\"widget\" data-e-type=\"widget\" data-widget_type=\"text-editor.default\">\n\t\t\t\t<div class=\"elementor-widget-container\">\n\t\t\t\t\t\t\t\t\t<ul><li><em>Integration with ERP or PLM systems<\/em><\/li><li><em>Automatic generation of diagrams or layouts<\/em><\/li><li><em>Custom developments tailored to your study contexts<\/em><\/li><li><em>Macro development (using VBA or macro language)<\/em><\/li><\/ul>\t\t\t\t\t\t\t\t<\/div>\n\t\t\t\t<\/div>\n\t\t\t\t\t<\/div>\n\t\t<\/div>\n\t\t\t\t\t<\/div>\n\t\t<\/section>\n\t\t\t\t<\/div>\n\t\t","protected":false},"excerpt":{"rendered":"<p>Services Formation sur siteou en interne Formation\u00a0selon une session pr\u00e9d\u00e9finie ou \u00e0 la carte et tenant compte du m\u00e9tier du client Diff\u00e9rents niveaux de formation : utilisateur, expert, administrateur Assistance au d\u00e9marrage,assistance t\u00e9l\u00e9phonique Hot-line hautement qualifi\u00e9e et r\u00e9active, disponible pendant les horaires des bureaux Param\u00e9trages particuliers, questions sp\u00e9cifiques Analyse, expertise, conseil et m\u00e9thodologie,optimisation dur\u00e9sultat Avis de sp\u00e9cialistes \/ experts sur les questions pointues Proposition de m\u00e9thodes d\u2019optimisation Services \u00e9tudes, reprise de plans,transferts de donn\u00e9es, d\u00e9l\u00e9gation de personnes Prestations en r\u00e9gie ou au forfait Travail \u00e0 temps plein, \u00e0 temps partiel ou ponctuel D\u00e9veloppements sp\u00e9cifiques sur cahier des charges,passerelles vers d&#8217;autres logiciels Lien avec les ERP ou PLM Fonctions de g\u00e9n\u00e9ration automatique de sch\u00e9mas ou d\u2019implantation D\u00e9veloppements li\u00e9s aux contextes de vos \u00e9tudes D\u00e9veloppement de macros (par VBA ou macro-langage)<\/p>\n","protected":false},"author":1,"featured_media":0,"parent":0,"menu_order":0,"comment_status":"closed","ping_status":"closed","template":"elementor_header_footer","meta":{"ocean_post_layout":"","ocean_both_sidebars_style":"","ocean_both_sidebars_content_width":0,"ocean_both_sidebars_sidebars_width":0,"ocean_sidebar":"","ocean_second_sidebar":"","ocean_disable_margins":"enable","ocean_add_body_class":"","ocean_shortcode_before_top_bar":"","ocean_shortcode_after_top_bar":"","ocean_shortcode_before_header":"","ocean_shortcode_after_header":"","ocean_has_shortcode":"","ocean_shortcode_after_title":"","ocean_shortcode_before_footer_widgets":"","ocean_shortcode_after_footer_widgets":"","ocean_shortcode_before_footer_bottom":"","ocean_shortcode_after_footer_bottom":"","ocean_display_top_bar":"default","ocean_display_header":"default","ocean_header_style":"","ocean_center_header_left_menu":"","ocean_custom_header_template":"","ocean_custom_logo":0,"ocean_custom_retina_logo":0,"ocean_custom_logo_max_width":0,"ocean_custom_logo_tablet_max_width":0,"ocean_custom_logo_mobile_max_width":0,"ocean_custom_logo_max_height":0,"ocean_custom_logo_tablet_max_height":0,"ocean_custom_logo_mobile_max_height":0,"ocean_header_custom_menu":"","ocean_menu_typo_font_family":"","ocean_menu_typo_font_subset":"","ocean_menu_typo_font_size":0,"ocean_menu_typo_font_size_tablet":0,"ocean_menu_typo_font_size_mobile":0,"ocean_menu_typo_font_size_unit":"px","ocean_menu_typo_font_weight":"","ocean_menu_typo_font_weight_tablet":"","ocean_menu_typo_font_weight_mobile":"","ocean_menu_typo_transform":"","ocean_menu_typo_transform_tablet":"","ocean_menu_typo_transform_mobile":"","ocean_menu_typo_line_height":0,"ocean_menu_typo_line_height_tablet":0,"ocean_menu_typo_line_height_mobile":0,"ocean_menu_typo_line_height_unit":"","ocean_menu_typo_spacing":0,"ocean_menu_typo_spacing_tablet":0,"ocean_menu_typo_spacing_mobile":0,"ocean_menu_typo_spacing_unit":"","ocean_menu_link_color":"","ocean_menu_link_color_hover":"","ocean_menu_link_color_active":"","ocean_menu_link_background":"","ocean_menu_link_hover_background":"","ocean_menu_link_active_background":"","ocean_menu_social_links_bg":"","ocean_menu_social_hover_links_bg":"","ocean_menu_social_links_color":"","ocean_menu_social_hover_links_color":"","ocean_disable_title":"default","ocean_disable_heading":"default","ocean_post_title":"","ocean_post_subheading":"","ocean_post_title_style":"","ocean_post_title_background_color":"","ocean_post_title_background":0,"ocean_post_title_bg_image_position":"","ocean_post_title_bg_image_attachment":"","ocean_post_title_bg_image_repeat":"","ocean_post_title_bg_image_size":"","ocean_post_title_height":0,"ocean_post_title_bg_overlay":0.5,"ocean_post_title_bg_overlay_color":"","ocean_disable_breadcrumbs":"default","ocean_breadcrumbs_color":"","ocean_breadcrumbs_separator_color":"","ocean_breadcrumbs_links_color":"","ocean_breadcrumbs_links_hover_color":"","ocean_display_footer_widgets":"default","ocean_display_footer_bottom":"default","ocean_custom_footer_template":"","footnotes":""},"class_list":["post-750","page","type-page","status-publish","hentry","entry"],"yoast_head":"<!-- This site is optimized with the Yoast SEO plugin v27.3 - https:\/\/yoast.com\/product\/yoast-seo-wordpress\/ -->\n<title>\u30b5\u30fc\u30d3\u30b9<\/title>\n<meta name=\"robots\" content=\"index, follow, max-snippet:-1, max-image-preview:large, max-video-preview:-1\" \/>\n<meta property=\"og:locale\" content=\"ja_JP\" \/>\n<meta property=\"og:type\" content=\"article\" \/>\n<meta property=\"og:title\" content=\"\u30b5\u30fc\u30d3\u30b9\" \/>\n<meta property=\"og:url\" content=\"https:\/\/www.ftz.fr\/ja\/services\/\" \/>\n<meta property=\"og:site_name\" content=\"FTZ Informatique Industrielle\" \/>\n<meta property=\"article:publisher\" content=\"https:\/\/www.facebook.com\/ftzfr\/\" \/>\n<meta property=\"article:modified_time\" content=\"2026-04-09T13:40:35+00:00\" \/>\n<meta name=\"twitter:card\" content=\"summary_large_image\" \/>\n<meta name=\"twitter:label1\" content=\"\u63a8\u5b9a\u8aad\u307f\u53d6\u308a\u6642\u9593\" \/>\n\t<meta name=\"twitter:data1\" content=\"1\u5206\" \/>\n<script type=\"application\/ld+json\" class=\"yoast-schema-graph\">{\"@context\":\"https:\\\/\\\/schema.org\",\"@graph\":[{\"@type\":\"WebPage\",\"@id\":\"https:\\\/\\\/www.ftz.fr\\\/ja\\\/services\\\/\",\"url\":\"https:\\\/\\\/www.ftz.fr\\\/ja\\\/services\\\/\",\"name\":\"Services - FTZ Informatique Industrielle\",\"isPartOf\":{\"@id\":\"https:\\\/\\\/www.ftz.fr\\\/fr\\\/#website\"},\"datePublished\":\"2022-10-26T15:16:25+00:00\",\"dateModified\":\"2026-04-09T13:40:35+00:00\",\"description\":\"Services \u00e9tudes, reprise de plans, transferts de donn\u00e9es, d\u00e9l\u00e9gation de personnes, formation sur site ou en interne...\",\"breadcrumb\":{\"@id\":\"https:\\\/\\\/www.ftz.fr\\\/ja\\\/services\\\/#breadcrumb\"},\"inLanguage\":\"ja\",\"potentialAction\":[{\"@type\":\"ReadAction\",\"target\":[\"https:\\\/\\\/www.ftz.fr\\\/ja\\\/services\\\/\"]}]},{\"@type\":\"BreadcrumbList\",\"@id\":\"https:\\\/\\\/www.ftz.fr\\\/ja\\\/services\\\/#breadcrumb\",\"itemListElement\":[{\"@type\":\"ListItem\",\"position\":1,\"name\":\"\u30db\u30fc\u30e0\",\"item\":\"https:\\\/\\\/www.ftz.fr\\\/\"},{\"@type\":\"ListItem\",\"position\":2,\"name\":\"\u30b5\u30fc\u30d3\u30b9\"}]},{\"@type\":\"WebSite\",\"@id\":\"https:\\\/\\\/www.ftz.fr\\\/ja\\\/fr\\\/#website\",\"url\":\"https:\\\/\\\/www.ftz.fr\\\/ja\\\/fr\\\/\",\"name\":\"FTZ Informatique Industrielle\",\"description\":\"Logiciel \u00e9lectricit\u00e9 CAO DAO industrie b\u00e2timent - FTZ\",\"publisher\":{\"@id\":\"https:\\\/\\\/www.ftz.fr\\\/ja\\\/fr\\\/#organization\"},\"potentialAction\":[{\"@type\":\"SearchAction\",\"target\":{\"@type\":\"EntryPoint\",\"urlTemplate\":\"https:\\\/\\\/www.ftz.fr\\\/ja\\\/fr\\\/?s={search_term_string}\"},\"query-input\":{\"@type\":\"PropertyValueSpecification\",\"valueRequired\":true,\"valueName\":\"search_term_string\"}}],\"inLanguage\":\"ja\"},{\"@type\":\"Organization\",\"@id\":\"https:\\\/\\\/www.ftz.fr\\\/ja\\\/fr\\\/#organization\",\"name\":\"FTZ Informatique Industrielle\",\"url\":\"https:\\\/\\\/www.ftz.fr\\\/ja\\\/fr\\\/\",\"logo\":{\"@type\":\"ImageObject\",\"inLanguage\":\"ja\",\"@id\":\"https:\\\/\\\/www.ftz.fr\\\/ja\\\/fr\\\/#\\\/schema\\\/logo\\\/image\\\/\",\"url\":\"https:\\\/\\\/www.ftz.fr\\\/wp-content\\\/uploads\\\/2024\\\/09\\\/Logo-ftz-sans-contour125x50.png\",\"contentUrl\":\"https:\\\/\\\/www.ftz.fr\\\/wp-content\\\/uploads\\\/2024\\\/09\\\/Logo-ftz-sans-contour125x50.png\",\"width\":125,\"height\":50,\"caption\":\"FTZ Informatique Industrielle\"},\"image\":{\"@id\":\"https:\\\/\\\/www.ftz.fr\\\/ja\\\/fr\\\/#\\\/schema\\\/logo\\\/image\\\/\"},\"sameAs\":[\"https:\\\/\\\/www.facebook.com\\\/ftzfr\\\/\",\"https:\\\/\\\/www.linkedin.com\\\/company\\\/5308337\\\/\"]}]}<\/script>\n<!-- \/ Yoast SEO plugin. -->","yoast_head_json":{"title":"\u30b5\u30fc\u30d3\u30b9","robots":{"index":"index","follow":"follow","max-snippet":"max-snippet:-1","max-image-preview":"max-image-preview:large","max-video-preview":"max-video-preview:-1"},"og_locale":"ja_JP","og_type":"article","og_title":"\u30b5\u30fc\u30d3\u30b9","og_url":"https:\/\/www.ftz.fr\/ja\/services\/","og_site_name":"FTZ Informatique Industrielle","article_publisher":"https:\/\/www.facebook.com\/ftzfr\/","article_modified_time":"2026-04-09T13:40:35+00:00","twitter_card":"summary_large_image","twitter_misc":{"\u63a8\u5b9a\u8aad\u307f\u53d6\u308a\u6642\u9593":"1\u5206"},"schema":{"@context":"https:\/\/schema.org","@graph":[{"@type":"WebPage","@id":"https:\/\/www.ftz.fr\/ja\/services\/","url":"https:\/\/www.ftz.fr\/ja\/services\/","name":"Services - FTZ Informatique Industrielle","isPartOf":{"@id":"https:\/\/www.ftz.fr\/fr\/#website"},"datePublished":"2022-10-26T15:16:25+00:00","dateModified":"2026-04-09T13:40:35+00:00","description":"Services \u00e9tudes, reprise de plans, transferts de donn\u00e9es, d\u00e9l\u00e9gation de personnes, formation sur site ou en interne...","breadcrumb":{"@id":"https:\/\/www.ftz.fr\/ja\/services\/#breadcrumb"},"inLanguage":"ja","potentialAction":[{"@type":"ReadAction","target":["https:\/\/www.ftz.fr\/ja\/services\/"]}]},{"@type":"BreadcrumbList","@id":"https:\/\/www.ftz.fr\/ja\/services\/#breadcrumb","itemListElement":[{"@type":"ListItem","position":1,"name":"\u30db\u30fc\u30e0","item":"https:\/\/www.ftz.fr\/"},{"@type":"ListItem","position":2,"name":"\u30b5\u30fc\u30d3\u30b9"}]},{"@type":"WebSite","@id":"https:\/\/www.ftz.fr\/ja\/fr\/#website","url":"https:\/\/www.ftz.fr\/ja\/fr\/","name":"FTZ Informatique Industrielle","description":"Logiciel \u00e9lectricit\u00e9 CAO DAO industrie b\u00e2timent - FTZ","publisher":{"@id":"https:\/\/www.ftz.fr\/ja\/fr\/#organization"},"potentialAction":[{"@type":"SearchAction","target":{"@type":"EntryPoint","urlTemplate":"https:\/\/www.ftz.fr\/ja\/fr\/?s={search_term_string}"},"query-input":{"@type":"PropertyValueSpecification","valueRequired":true,"valueName":"search_term_string"}}],"inLanguage":"ja"},{"@type":"Organization","@id":"https:\/\/www.ftz.fr\/ja\/fr\/#organization","name":"FTZ Informatique Industrielle","url":"https:\/\/www.ftz.fr\/ja\/fr\/","logo":{"@type":"ImageObject","inLanguage":"ja","@id":"https:\/\/www.ftz.fr\/ja\/fr\/#\/schema\/logo\/image\/","url":"https:\/\/www.ftz.fr\/wp-content\/uploads\/2024\/09\/Logo-ftz-sans-contour125x50.png","contentUrl":"https:\/\/www.ftz.fr\/wp-content\/uploads\/2024\/09\/Logo-ftz-sans-contour125x50.png","width":125,"height":50,"caption":"FTZ Informatique Industrielle"},"image":{"@id":"https:\/\/www.ftz.fr\/ja\/fr\/#\/schema\/logo\/image\/"},"sameAs":["https:\/\/www.facebook.com\/ftzfr\/","https:\/\/www.linkedin.com\/company\/5308337\/"]}]}},"_links":{"self":[{"href":"https:\/\/www.ftz.fr\/ja\/wp-json\/wp\/v2\/pages\/750","targetHints":{"allow":["GET"]}}],"collection":[{"href":"https:\/\/www.ftz.fr\/ja\/wp-json\/wp\/v2\/pages"}],"about":[{"href":"https:\/\/www.ftz.fr\/ja\/wp-json\/wp\/v2\/types\/page"}],"author":[{"embeddable":true,"href":"https:\/\/www.ftz.fr\/ja\/wp-json\/wp\/v2\/users\/1"}],"replies":[{"embeddable":true,"href":"https:\/\/www.ftz.fr\/ja\/wp-json\/wp\/v2\/comments?post=750"}],"version-history":[{"count":1,"href":"https:\/\/www.ftz.fr\/ja\/wp-json\/wp\/v2\/pages\/750\/revisions"}],"predecessor-version":[{"id":21029,"href":"https:\/\/www.ftz.fr\/ja\/wp-json\/wp\/v2\/pages\/750\/revisions\/21029"}],"wp:attachment":[{"href":"https:\/\/www.ftz.fr\/ja\/wp-json\/wp\/v2\/media?parent=750"}],"curies":[{"name":"wp","href":"https:\/\/api.w.org\/{rel}","templated":true}]}}