{"id":7121,"date":"2023-05-05T15:30:24","date_gmt":"2023-05-05T13:30:24","guid":{"rendered":"https:\/\/www.ftz.fr\/wordpress\/?page_id=7121&#038;lang=fr"},"modified":"2026-04-09T15:40:38","modified_gmt":"2026-04-09T13:40:38","slug":"mentions-legales","status":"publish","type":"page","link":"https:\/\/www.ftz.fr\/ja\/legal-notice\/","title":{"rendered":"\u6cd5\u7684\u901a\u77e5"},"content":{"rendered":"\t\t<div data-elementor-type=\"wp-page\" data-elementor-id=\"7121\" class=\"elementor elementor-7121\">\n\t\t\t\t\t\t<section class=\"elementor-section elementor-top-section elementor-element elementor-element-94d8801 elementor-section-full_width elementor-section-stretched elementor-section-height-default elementor-section-height-default wpr-particle-no wpr-jarallax-no wpr-parallax-no wpr-sticky-section-no wpr-equal-height-no\" data-id=\"94d8801\" data-element_type=\"section\" data-e-type=\"section\" data-settings=\"{&quot;stretch_section&quot;:&quot;section-stretched&quot;}\">\n\t\t\t\t\t\t<div class=\"elementor-container elementor-column-gap-default\">\n\t\t\t\t\t<div class=\"elementor-column elementor-col-100 elementor-top-column elementor-element elementor-element-ab7cd26\" data-id=\"ab7cd26\" data-element_type=\"column\" data-e-type=\"column\">\n\t\t\t<div class=\"elementor-widget-wrap elementor-element-populated\">\n\t\t\t\t\t\t<div class=\"elementor-element elementor-element-ff29675 elementor-widget elementor-widget-text-editor\" data-id=\"ff29675\" data-element_type=\"widget\" data-e-type=\"widget\" data-widget_type=\"text-editor.default\">\n\t\t\t\t<div class=\"elementor-widget-container\">\n\t\t\t\t\t\t\t\t\t<p><strong>Legal Notice<\/strong><\/p><p>FTZ Legal Representatives Webmaster: FTZ &#8211; Tel: +33(0)3 83 35 05 78 &#8211; FRANCE<\/p><p>Website Design: FTZ<\/p><p>Photo Credits: Fotolia (\u00a9 Franck Boston &#8211; \u00a9 Thorsten Schier) &#8211; FTZ Address: 23, rue Antoine de St Exup\u00e9ry &#8211; ZAC de Frocourt &#8211; F54710 FLEVILLE-devant-NANCY &#8211; FRANCE<\/p><p><strong>Copyright<\/strong><\/p><p>All rights reserved, including downloadable documents and photographic representations. Reproduction of all or part of this site on any medium is strictly prohibited without the express permission of the director. Documents may only be copied for information purposes, and copying is reserved for private use only. The names, trademarks, and signs mentioned on this site are the property of their respective owners.<\/p><p>FTZ holds all necessary licenses to use the names, trademarks, and signs mentioned on this site, which are the property of third parties. In accordance with the provisions of Law 78-17, you have the right to access, modify, rectify, and delete data concerning you (Article 34 of the &#8220;Informatique et Libert\u00e9s&#8221; Law No. 78-17 of January 6, 1978). To exercise this right, please contact: FTZ &#8211; 23, rue Antoine de St Exup\u00e9ry &#8211; ZAC de Frocourt &#8211; F54710 FLEVILLE-devant-NANCY &#8211; FRANCE<\/p><p><strong>Disclaimer<\/strong><\/p><p>The information appearing on this site is provided for purely indicative purposes. FTZ makes every effort to ensure the accuracy of the information published on the domain name <a href=\"http:\/\/www.ftz.fr\" target=\"_new\">www.ftz.fr<\/a>, the date of insertion, and their regular updates. However, FTZ disclaims all responsibility for the exclusivity and use by any natural or legal person of the information provided.<\/p>\t\t\t\t\t\t\t\t<\/div>\n\t\t\t\t<\/div>\n\t\t\t\t\t<\/div>\n\t\t<\/div>\n\t\t\t\t\t<\/div>\n\t\t<\/section>\n\t\t\t\t<\/div>\n\t\t","protected":false},"excerpt":{"rendered":"<p>Mentions l\u00e9gales Repr\u00e9sentants l\u00e9gaux FTZWebmaster : FTZ &#8211; T\u00e9l. : +33(0)3 83 35 05 78 &#8211; FRANCEConception du site : FTZ Cr\u00e9dits photos : Fotolia (\u00a9 Franck Boston &#8211; \u00a9 Thorsten Schier) &#8211; FTZAdresse : 23, rue Antoine de St Exup\u00e9ry &#8211; ZAC de Frocourt\u00a0 &#8211; F54710 FLEVILLE-devant-NANCY &#8211; FRANCE Droits d&#8217;auteur \u2013 Copyright Tous les droits de reproduction sont r\u00e9serv\u00e9s, y compris pour les documents t\u00e9l\u00e9chargeables et les repr\u00e9sentations photographiques. La reproduction de tout ou partie de ce site, sur quelque support que ce soit, est formellement interdite sauf autorisation expresse du directeur. Les documents ne peuvent faire l&#8217;objet de copies qu&#8217;\u00e0 titre d&#8217;information, la copie \u00e9tant r\u00e9serv\u00e9e au seul usage priv\u00e9. Les noms, marques et enseignes cit\u00e9s sur ce site sont la propri\u00e9t\u00e9 de leurs d\u00e9posants respectifs. La soci\u00e9t\u00e9 FTZ d\u00e9tient toute licence d&#8217;utilisation n\u00e9cessaire des noms, marques et enseignes cit\u00e9s sur ce site qui s<\/p>\n","protected":false},"author":1,"featured_media":0,"parent":0,"menu_order":0,"comment_status":"closed","ping_status":"closed","template":"elementor_header_footer","meta":{"ocean_post_layout":"","ocean_both_sidebars_style":"","ocean_both_sidebars_content_width":0,"ocean_both_sidebars_sidebars_width":0,"ocean_sidebar":"0","ocean_second_sidebar":"0","ocean_disable_margins":"enable","ocean_add_body_class":"","ocean_shortcode_before_top_bar":"","ocean_shortcode_after_top_bar":"","ocean_shortcode_before_header":"","ocean_shortcode_after_header":"","ocean_has_shortcode":"","ocean_shortcode_after_title":"","ocean_shortcode_before_footer_widgets":"","ocean_shortcode_after_footer_widgets":"","ocean_shortcode_before_footer_bottom":"","ocean_shortcode_after_footer_bottom":"","ocean_display_top_bar":"default","ocean_display_header":"default","ocean_header_style":"","ocean_center_header_left_menu":"0","ocean_custom_header_template":"0","ocean_custom_logo":0,"ocean_custom_retina_logo":0,"ocean_custom_logo_max_width":0,"ocean_custom_logo_tablet_max_width":0,"ocean_custom_logo_mobile_max_width":0,"ocean_custom_logo_max_height":0,"ocean_custom_logo_tablet_max_height":0,"ocean_custom_logo_mobile_max_height":0,"ocean_header_custom_menu":"0","ocean_menu_typo_font_family":"0","ocean_menu_typo_font_subset":"","ocean_menu_typo_font_size":0,"ocean_menu_typo_font_size_tablet":0,"ocean_menu_typo_font_size_mobile":0,"ocean_menu_typo_font_size_unit":"px","ocean_menu_typo_font_weight":"","ocean_menu_typo_font_weight_tablet":"","ocean_menu_typo_font_weight_mobile":"","ocean_menu_typo_transform":"","ocean_menu_typo_transform_tablet":"","ocean_menu_typo_transform_mobile":"","ocean_menu_typo_line_height":0,"ocean_menu_typo_line_height_tablet":0,"ocean_menu_typo_line_height_mobile":0,"ocean_menu_typo_line_height_unit":"","ocean_menu_typo_spacing":0,"ocean_menu_typo_spacing_tablet":0,"ocean_menu_typo_spacing_mobile":0,"ocean_menu_typo_spacing_unit":"","ocean_menu_link_color":"","ocean_menu_link_color_hover":"","ocean_menu_link_color_active":"","ocean_menu_link_background":"","ocean_menu_link_hover_background":"","ocean_menu_link_active_background":"","ocean_menu_social_links_bg":"","ocean_menu_social_hover_links_bg":"","ocean_menu_social_links_color":"","ocean_menu_social_hover_links_color":"","ocean_disable_title":"default","ocean_disable_heading":"default","ocean_post_title":"","ocean_post_subheading":"","ocean_post_title_style":"","ocean_post_title_background_color":"","ocean_post_title_background":0,"ocean_post_title_bg_image_position":"","ocean_post_title_bg_image_attachment":"","ocean_post_title_bg_image_repeat":"","ocean_post_title_bg_image_size":"","ocean_post_title_height":0,"ocean_post_title_bg_overlay":0.5,"ocean_post_title_bg_overlay_color":"","ocean_disable_breadcrumbs":"default","ocean_breadcrumbs_color":"","ocean_breadcrumbs_separator_color":"","ocean_breadcrumbs_links_color":"","ocean_breadcrumbs_links_hover_color":"","ocean_display_footer_widgets":"default","ocean_display_footer_bottom":"default","ocean_custom_footer_template":"0","footnotes":""},"class_list":["post-7121","page","type-page","status-publish","hentry","entry"],"yoast_head":"<!-- This site is optimized with the Yoast SEO plugin v27.5 - https:\/\/yoast.com\/product\/yoast-seo-wordpress\/ -->\n<title>\u6cd5\u7684\u901a\u77e5-FTZ\u7523\u696d\u7528\u30bd\u30d5\u30c8\u30a6\u30a7\u30a2\u30fc<\/title>\n<meta name=\"robots\" content=\"index, follow, max-snippet:-1, max-image-preview:large, max-video-preview:-1\" \/>\n<meta property=\"og:locale\" content=\"ja_JP\" \/>\n<meta property=\"og:type\" content=\"article\" \/>\n<meta property=\"og:title\" content=\"\u6cd5\u7684\u901a\u77e5-FTZ\u7523\u696d\u7528\u30bd\u30d5\u30c8\u30a6\u30a7\u30a2\u30fc\" \/>\n<meta property=\"og:url\" content=\"https:\/\/www.ftz.fr\/ja\/legal-notice\/\" \/>\n<meta property=\"og:site_name\" content=\"FTZ Informatique Industrielle\" \/>\n<meta property=\"article:publisher\" content=\"https:\/\/www.facebook.com\/ftzfr\/\" \/>\n<meta property=\"article:modified_time\" content=\"2026-04-09T13:40:38+00:00\" \/>\n<meta name=\"twitter:card\" content=\"summary_large_image\" \/>\n<meta name=\"twitter:label1\" content=\"\u63a8\u5b9a\u8aad\u307f\u53d6\u308a\u6642\u9593\" \/>\n\t<meta name=\"twitter:data1\" content=\"2\u5206\" \/>\n<script type=\"application\/ld+json\" class=\"yoast-schema-graph\">{\"@context\":\"https:\\\/\\\/schema.org\",\"@graph\":[{\"@type\":\"WebPage\",\"@id\":\"https:\\\/\\\/www.ftz.fr\\\/ja\\\/legal-notice\\\/\",\"url\":\"https:\\\/\\\/www.ftz.fr\\\/ja\\\/legal-notice\\\/\",\"name\":\"Mentions l\u00e9gales - FTZ Informatique Industrielle\",\"isPartOf\":{\"@id\":\"https:\\\/\\\/www.ftz.fr\\\/fr\\\/#website\"},\"datePublished\":\"2023-05-05T13:30:24+00:00\",\"dateModified\":\"2026-04-09T13:40:38+00:00\",\"description\":\"Mentions l\u00e9gales de la soci\u00e9t\u00e9 FTZ Informatique Industrielle\",\"breadcrumb\":{\"@id\":\"https:\\\/\\\/www.ftz.fr\\\/ja\\\/legal-notice\\\/#breadcrumb\"},\"inLanguage\":\"ja\",\"potentialAction\":[{\"@type\":\"ReadAction\",\"target\":[\"https:\\\/\\\/www.ftz.fr\\\/ja\\\/legal-notice\\\/\"]}]},{\"@type\":\"BreadcrumbList\",\"@id\":\"https:\\\/\\\/www.ftz.fr\\\/ja\\\/legal-notice\\\/#breadcrumb\",\"itemListElement\":[{\"@type\":\"ListItem\",\"position\":1,\"name\":\"\u30db\u30fc\u30e0\",\"item\":\"https:\\\/\\\/www.ftz.fr\\\/\"},{\"@type\":\"ListItem\",\"position\":2,\"name\":\"\u6cd5\u7684\u901a\u77e5\"}]},{\"@type\":\"WebSite\",\"@id\":\"https:\\\/\\\/www.ftz.fr\\\/ja\\\/fr\\\/#website\",\"url\":\"https:\\\/\\\/www.ftz.fr\\\/ja\\\/fr\\\/\",\"name\":\"FTZ Informatique Industrielle\",\"description\":\"Logiciel \u00e9lectricit\u00e9 CAO DAO industrie b\u00e2timent - FTZ\",\"publisher\":{\"@id\":\"https:\\\/\\\/www.ftz.fr\\\/ja\\\/fr\\\/#organization\"},\"potentialAction\":[{\"@type\":\"SearchAction\",\"target\":{\"@type\":\"EntryPoint\",\"urlTemplate\":\"https:\\\/\\\/www.ftz.fr\\\/ja\\\/fr\\\/?s={search_term_string}\"},\"query-input\":{\"@type\":\"PropertyValueSpecification\",\"valueRequired\":true,\"valueName\":\"search_term_string\"}}],\"inLanguage\":\"ja\"},{\"@type\":\"Organization\",\"@id\":\"https:\\\/\\\/www.ftz.fr\\\/ja\\\/fr\\\/#organization\",\"name\":\"FTZ Informatique Industrielle\",\"url\":\"https:\\\/\\\/www.ftz.fr\\\/ja\\\/fr\\\/\",\"logo\":{\"@type\":\"ImageObject\",\"inLanguage\":\"ja\",\"@id\":\"https:\\\/\\\/www.ftz.fr\\\/ja\\\/fr\\\/#\\\/schema\\\/logo\\\/image\\\/\",\"url\":\"https:\\\/\\\/www.ftz.fr\\\/wp-content\\\/uploads\\\/2024\\\/09\\\/Logo-ftz-sans-contour125x50.png\",\"contentUrl\":\"https:\\\/\\\/www.ftz.fr\\\/wp-content\\\/uploads\\\/2024\\\/09\\\/Logo-ftz-sans-contour125x50.png\",\"width\":125,\"height\":50,\"caption\":\"FTZ Informatique Industrielle\"},\"image\":{\"@id\":\"https:\\\/\\\/www.ftz.fr\\\/ja\\\/fr\\\/#\\\/schema\\\/logo\\\/image\\\/\"},\"sameAs\":[\"https:\\\/\\\/www.facebook.com\\\/ftzfr\\\/\",\"https:\\\/\\\/www.linkedin.com\\\/company\\\/5308337\\\/\"]}]}<\/script>\n<!-- \/ Yoast SEO plugin. -->","yoast_head_json":{"title":"\u6cd5\u7684\u901a\u77e5-FTZ\u7523\u696d\u7528\u30bd\u30d5\u30c8\u30a6\u30a7\u30a2\u30fc","robots":{"index":"index","follow":"follow","max-snippet":"max-snippet:-1","max-image-preview":"max-image-preview:large","max-video-preview":"max-video-preview:-1"},"og_locale":"ja_JP","og_type":"article","og_title":"\u6cd5\u7684\u901a\u77e5-FTZ\u7523\u696d\u7528\u30bd\u30d5\u30c8\u30a6\u30a7\u30a2\u30fc","og_url":"https:\/\/www.ftz.fr\/ja\/legal-notice\/","og_site_name":"FTZ Informatique Industrielle","article_publisher":"https:\/\/www.facebook.com\/ftzfr\/","article_modified_time":"2026-04-09T13:40:38+00:00","twitter_card":"summary_large_image","twitter_misc":{"\u63a8\u5b9a\u8aad\u307f\u53d6\u308a\u6642\u9593":"2\u5206"},"schema":{"@context":"https:\/\/schema.org","@graph":[{"@type":"WebPage","@id":"https:\/\/www.ftz.fr\/ja\/legal-notice\/","url":"https:\/\/www.ftz.fr\/ja\/legal-notice\/","name":"Mentions l\u00e9gales - FTZ Informatique Industrielle","isPartOf":{"@id":"https:\/\/www.ftz.fr\/fr\/#website"},"datePublished":"2023-05-05T13:30:24+00:00","dateModified":"2026-04-09T13:40:38+00:00","description":"Mentions l\u00e9gales de la soci\u00e9t\u00e9 FTZ Informatique Industrielle","breadcrumb":{"@id":"https:\/\/www.ftz.fr\/ja\/legal-notice\/#breadcrumb"},"inLanguage":"ja","potentialAction":[{"@type":"ReadAction","target":["https:\/\/www.ftz.fr\/ja\/legal-notice\/"]}]},{"@type":"BreadcrumbList","@id":"https:\/\/www.ftz.fr\/ja\/legal-notice\/#breadcrumb","itemListElement":[{"@type":"ListItem","position":1,"name":"\u30db\u30fc\u30e0","item":"https:\/\/www.ftz.fr\/"},{"@type":"ListItem","position":2,"name":"\u6cd5\u7684\u901a\u77e5"}]},{"@type":"WebSite","@id":"https:\/\/www.ftz.fr\/ja\/fr\/#website","url":"https:\/\/www.ftz.fr\/ja\/fr\/","name":"FTZ Informatique Industrielle","description":"Logiciel \u00e9lectricit\u00e9 CAO DAO industrie b\u00e2timent - FTZ","publisher":{"@id":"https:\/\/www.ftz.fr\/ja\/fr\/#organization"},"potentialAction":[{"@type":"SearchAction","target":{"@type":"EntryPoint","urlTemplate":"https:\/\/www.ftz.fr\/ja\/fr\/?s={search_term_string}"},"query-input":{"@type":"PropertyValueSpecification","valueRequired":true,"valueName":"search_term_string"}}],"inLanguage":"ja"},{"@type":"Organization","@id":"https:\/\/www.ftz.fr\/ja\/fr\/#organization","name":"FTZ Informatique Industrielle","url":"https:\/\/www.ftz.fr\/ja\/fr\/","logo":{"@type":"ImageObject","inLanguage":"ja","@id":"https:\/\/www.ftz.fr\/ja\/fr\/#\/schema\/logo\/image\/","url":"https:\/\/www.ftz.fr\/wp-content\/uploads\/2024\/09\/Logo-ftz-sans-contour125x50.png","contentUrl":"https:\/\/www.ftz.fr\/wp-content\/uploads\/2024\/09\/Logo-ftz-sans-contour125x50.png","width":125,"height":50,"caption":"FTZ Informatique Industrielle"},"image":{"@id":"https:\/\/www.ftz.fr\/ja\/fr\/#\/schema\/logo\/image\/"},"sameAs":["https:\/\/www.facebook.com\/ftzfr\/","https:\/\/www.linkedin.com\/company\/5308337\/"]}]}},"_links":{"self":[{"href":"https:\/\/www.ftz.fr\/ja\/wp-json\/wp\/v2\/pages\/7121","targetHints":{"allow":["GET"]}}],"collection":[{"href":"https:\/\/www.ftz.fr\/ja\/wp-json\/wp\/v2\/pages"}],"about":[{"href":"https:\/\/www.ftz.fr\/ja\/wp-json\/wp\/v2\/types\/page"}],"author":[{"embeddable":true,"href":"https:\/\/www.ftz.fr\/ja\/wp-json\/wp\/v2\/users\/1"}],"replies":[{"embeddable":true,"href":"https:\/\/www.ftz.fr\/ja\/wp-json\/wp\/v2\/comments?post=7121"}],"version-history":[{"count":1,"href":"https:\/\/www.ftz.fr\/ja\/wp-json\/wp\/v2\/pages\/7121\/revisions"}],"predecessor-version":[{"id":21028,"href":"https:\/\/www.ftz.fr\/ja\/wp-json\/wp\/v2\/pages\/7121\/revisions\/21028"}],"wp:attachment":[{"href":"https:\/\/www.ftz.fr\/ja\/wp-json\/wp\/v2\/media?parent=7121"}],"curies":[{"name":"wp","href":"https:\/\/api.w.org\/{rel}","templated":true}]}}